{"id":3178,"date":"2025-05-26T23:40:41","date_gmt":"2025-05-26T21:40:41","guid":{"rendered":"https:\/\/www.linh-design.ch\/?post_type=product&#038;p=3178"},"modified":"2025-05-26T23:42:51","modified_gmt":"2025-05-26T21:42:51","slug":"shopper-bleu-fonce","status":"publish","type":"product","link":"https:\/\/www.linh-design.ch\/index.php\/produit\/shopper-bleu-fonce\/","title":{"rendered":"Shopper  bleu fonc\u00e9"},"content":{"rendered":"<p>Shopper avec s\u00e9rigraphie en coton, bleu fonc\u00e9 (pi\u00e8ce unique)<\/p>\n","protected":false},"excerpt":{"rendered":"<p>Shopper avec s\u00e9rigraphie en coton, bleu fonc\u00e9 (pi\u00e8ce unique)<\/p>\n","protected":false},"featured_media":3059,"template":"","meta":[],"product_brand":[],"product_cat":[16,22],"product_tag":[],"class_list":{"0":"post-3178","1":"product","2":"type-product","3":"status-publish","4":"has-post-thumbnail","6":"product_cat-adulte","7":"product_cat-sac-a-main-adulte","9":"first","10":"instock","11":"taxable","12":"shipping-taxable","13":"purchasable","14":"product-type-simple"},"yoast_head":"<!-- This site is optimized with the Yoast SEO plugin v27.4 - https:\/\/yoast.com\/product\/yoast-seo-wordpress\/ -->\n<title>Shopper bleu fonc\u00e9 - LINH Design<\/title>\n<meta name=\"robots\" content=\"index, follow, max-snippet:-1, max-image-preview:large, max-video-preview:-1\" \/>\n<link rel=\"canonical\" href=\"https:\/\/www.linh-design.ch\/index.php\/produit\/shopper-bleu-fonce\/\" \/>\n<meta property=\"og:locale\" content=\"fr_FR\" \/>\n<meta property=\"og:type\" content=\"article\" \/>\n<meta property=\"og:title\" content=\"Shopper bleu fonc\u00e9 - LINH Design\" \/>\n<meta property=\"og:description\" content=\"Shopper avec s\u00e9rigraphie en coton, bleu fonc\u00e9 (pi\u00e8ce unique)\" \/>\n<meta property=\"og:url\" content=\"https:\/\/www.linh-design.ch\/index.php\/produit\/shopper-bleu-fonce\/\" \/>\n<meta property=\"og:site_name\" content=\"LINH Design\" \/>\n<meta property=\"article:modified_time\" content=\"2025-05-26T21:42:51+00:00\" \/>\n<meta property=\"og:image\" content=\"https:\/\/www.linh-design.ch\/wp-content\/uploads\/2025\/05\/SH_db_174940.jpg\" \/>\n\t<meta property=\"og:image:width\" content=\"1664\" \/>\n\t<meta property=\"og:image:height\" content=\"2614\" \/>\n\t<meta property=\"og:image:type\" content=\"image\/jpeg\" \/>\n<meta name=\"twitter:card\" content=\"summary_large_image\" \/>\n<meta name=\"twitter:label1\" content=\"Dur\u00e9e de lecture estim\u00e9e\" \/>\n\t<meta name=\"twitter:data1\" content=\"1 minute\" \/>\n<script type=\"application\/ld+json\" class=\"yoast-schema-graph\">{\"@context\":\"https:\\\/\\\/schema.org\",\"@graph\":[{\"@type\":\"WebPage\",\"@id\":\"https:\\\/\\\/www.linh-design.ch\\\/index.php\\\/produit\\\/shopper-bleu-fonce\\\/\",\"url\":\"https:\\\/\\\/www.linh-design.ch\\\/index.php\\\/produit\\\/shopper-bleu-fonce\\\/\",\"name\":\"Shopper bleu fonc\u00e9 - LINH Design\",\"isPartOf\":{\"@id\":\"https:\\\/\\\/www.linh-design.ch\\\/#website\"},\"primaryImageOfPage\":{\"@id\":\"https:\\\/\\\/www.linh-design.ch\\\/index.php\\\/produit\\\/shopper-bleu-fonce\\\/#primaryimage\"},\"image\":{\"@id\":\"https:\\\/\\\/www.linh-design.ch\\\/index.php\\\/produit\\\/shopper-bleu-fonce\\\/#primaryimage\"},\"thumbnailUrl\":\"https:\\\/\\\/www.linh-design.ch\\\/wp-content\\\/uploads\\\/2025\\\/05\\\/SH_db_174940.jpg\",\"datePublished\":\"2025-05-26T21:40:41+00:00\",\"dateModified\":\"2025-05-26T21:42:51+00:00\",\"breadcrumb\":{\"@id\":\"https:\\\/\\\/www.linh-design.ch\\\/index.php\\\/produit\\\/shopper-bleu-fonce\\\/#breadcrumb\"},\"inLanguage\":\"fr-FR\",\"potentialAction\":[{\"@type\":\"ReadAction\",\"target\":[\"https:\\\/\\\/www.linh-design.ch\\\/index.php\\\/produit\\\/shopper-bleu-fonce\\\/\"]}]},{\"@type\":\"ImageObject\",\"inLanguage\":\"fr-FR\",\"@id\":\"https:\\\/\\\/www.linh-design.ch\\\/index.php\\\/produit\\\/shopper-bleu-fonce\\\/#primaryimage\",\"url\":\"https:\\\/\\\/www.linh-design.ch\\\/wp-content\\\/uploads\\\/2025\\\/05\\\/SH_db_174940.jpg\",\"contentUrl\":\"https:\\\/\\\/www.linh-design.ch\\\/wp-content\\\/uploads\\\/2025\\\/05\\\/SH_db_174940.jpg\",\"width\":1664,\"height\":2614},{\"@type\":\"BreadcrumbList\",\"@id\":\"https:\\\/\\\/www.linh-design.ch\\\/index.php\\\/produit\\\/shopper-bleu-fonce\\\/#breadcrumb\",\"itemListElement\":[{\"@type\":\"ListItem\",\"position\":1,\"name\":\"Accueil\",\"item\":\"https:\\\/\\\/www.linh-design.ch\\\/\"},{\"@type\":\"ListItem\",\"position\":2,\"name\":\"Boutique\",\"item\":\"https:\\\/\\\/www.linh-design.ch\\\/index.php\\\/boutique\\\/\"},{\"@type\":\"ListItem\",\"position\":3,\"name\":\"Shopper bleu fonc\u00e9\"}]},{\"@type\":\"WebSite\",\"@id\":\"https:\\\/\\\/www.linh-design.ch\\\/#website\",\"url\":\"https:\\\/\\\/www.linh-design.ch\\\/\",\"name\":\"LINH Design\",\"description\":\"\",\"publisher\":{\"@id\":\"https:\\\/\\\/www.linh-design.ch\\\/#organization\"},\"potentialAction\":[{\"@type\":\"SearchAction\",\"target\":{\"@type\":\"EntryPoint\",\"urlTemplate\":\"https:\\\/\\\/www.linh-design.ch\\\/?s={search_term_string}\"},\"query-input\":{\"@type\":\"PropertyValueSpecification\",\"valueRequired\":true,\"valueName\":\"search_term_string\"}}],\"inLanguage\":\"fr-FR\"},{\"@type\":\"Organization\",\"@id\":\"https:\\\/\\\/www.linh-design.ch\\\/#organization\",\"name\":\"LINH Design\",\"url\":\"https:\\\/\\\/www.linh-design.ch\\\/\",\"logo\":{\"@type\":\"ImageObject\",\"inLanguage\":\"fr-FR\",\"@id\":\"https:\\\/\\\/www.linh-design.ch\\\/#\\\/schema\\\/logo\\\/image\\\/\",\"url\":\"https:\\\/\\\/www.linh-design.ch\\\/wp-content\\\/uploads\\\/2023\\\/10\\\/cropped-LINH-31.10.23_antrazit_logo_NB-01.png\",\"contentUrl\":\"https:\\\/\\\/www.linh-design.ch\\\/wp-content\\\/uploads\\\/2023\\\/10\\\/cropped-LINH-31.10.23_antrazit_logo_NB-01.png\",\"width\":1748,\"height\":1823,\"caption\":\"LINH Design\"},\"image\":{\"@id\":\"https:\\\/\\\/www.linh-design.ch\\\/#\\\/schema\\\/logo\\\/image\\\/\"}}]}<\/script>\n<!-- \/ Yoast SEO plugin. -->","yoast_head_json":{"title":"Shopper bleu fonc\u00e9 - LINH Design","robots":{"index":"index","follow":"follow","max-snippet":"max-snippet:-1","max-image-preview":"max-image-preview:large","max-video-preview":"max-video-preview:-1"},"canonical":"https:\/\/www.linh-design.ch\/index.php\/produit\/shopper-bleu-fonce\/","og_locale":"fr_FR","og_type":"article","og_title":"Shopper bleu fonc\u00e9 - LINH Design","og_description":"Shopper avec s\u00e9rigraphie en coton, bleu fonc\u00e9 (pi\u00e8ce unique)","og_url":"https:\/\/www.linh-design.ch\/index.php\/produit\/shopper-bleu-fonce\/","og_site_name":"LINH Design","article_modified_time":"2025-05-26T21:42:51+00:00","og_image":[{"width":1664,"height":2614,"url":"https:\/\/www.linh-design.ch\/wp-content\/uploads\/2025\/05\/SH_db_174940.jpg","type":"image\/jpeg"}],"twitter_card":"summary_large_image","twitter_misc":{"Dur\u00e9e de lecture estim\u00e9e":"1 minute"},"schema":{"@context":"https:\/\/schema.org","@graph":[{"@type":"WebPage","@id":"https:\/\/www.linh-design.ch\/index.php\/produit\/shopper-bleu-fonce\/","url":"https:\/\/www.linh-design.ch\/index.php\/produit\/shopper-bleu-fonce\/","name":"Shopper bleu fonc\u00e9 - LINH Design","isPartOf":{"@id":"https:\/\/www.linh-design.ch\/#website"},"primaryImageOfPage":{"@id":"https:\/\/www.linh-design.ch\/index.php\/produit\/shopper-bleu-fonce\/#primaryimage"},"image":{"@id":"https:\/\/www.linh-design.ch\/index.php\/produit\/shopper-bleu-fonce\/#primaryimage"},"thumbnailUrl":"https:\/\/www.linh-design.ch\/wp-content\/uploads\/2025\/05\/SH_db_174940.jpg","datePublished":"2025-05-26T21:40:41+00:00","dateModified":"2025-05-26T21:42:51+00:00","breadcrumb":{"@id":"https:\/\/www.linh-design.ch\/index.php\/produit\/shopper-bleu-fonce\/#breadcrumb"},"inLanguage":"fr-FR","potentialAction":[{"@type":"ReadAction","target":["https:\/\/www.linh-design.ch\/index.php\/produit\/shopper-bleu-fonce\/"]}]},{"@type":"ImageObject","inLanguage":"fr-FR","@id":"https:\/\/www.linh-design.ch\/index.php\/produit\/shopper-bleu-fonce\/#primaryimage","url":"https:\/\/www.linh-design.ch\/wp-content\/uploads\/2025\/05\/SH_db_174940.jpg","contentUrl":"https:\/\/www.linh-design.ch\/wp-content\/uploads\/2025\/05\/SH_db_174940.jpg","width":1664,"height":2614},{"@type":"BreadcrumbList","@id":"https:\/\/www.linh-design.ch\/index.php\/produit\/shopper-bleu-fonce\/#breadcrumb","itemListElement":[{"@type":"ListItem","position":1,"name":"Accueil","item":"https:\/\/www.linh-design.ch\/"},{"@type":"ListItem","position":2,"name":"Boutique","item":"https:\/\/www.linh-design.ch\/index.php\/boutique\/"},{"@type":"ListItem","position":3,"name":"Shopper bleu fonc\u00e9"}]},{"@type":"WebSite","@id":"https:\/\/www.linh-design.ch\/#website","url":"https:\/\/www.linh-design.ch\/","name":"LINH Design","description":"","publisher":{"@id":"https:\/\/www.linh-design.ch\/#organization"},"potentialAction":[{"@type":"SearchAction","target":{"@type":"EntryPoint","urlTemplate":"https:\/\/www.linh-design.ch\/?s={search_term_string}"},"query-input":{"@type":"PropertyValueSpecification","valueRequired":true,"valueName":"search_term_string"}}],"inLanguage":"fr-FR"},{"@type":"Organization","@id":"https:\/\/www.linh-design.ch\/#organization","name":"LINH Design","url":"https:\/\/www.linh-design.ch\/","logo":{"@type":"ImageObject","inLanguage":"fr-FR","@id":"https:\/\/www.linh-design.ch\/#\/schema\/logo\/image\/","url":"https:\/\/www.linh-design.ch\/wp-content\/uploads\/2023\/10\/cropped-LINH-31.10.23_antrazit_logo_NB-01.png","contentUrl":"https:\/\/www.linh-design.ch\/wp-content\/uploads\/2023\/10\/cropped-LINH-31.10.23_antrazit_logo_NB-01.png","width":1748,"height":1823,"caption":"LINH Design"},"image":{"@id":"https:\/\/www.linh-design.ch\/#\/schema\/logo\/image\/"}}]}},"jetpack_sharing_enabled":true,"_links":{"self":[{"href":"https:\/\/www.linh-design.ch\/index.php\/wp-json\/wp\/v2\/product\/3178","targetHints":{"allow":["GET"]}}],"collection":[{"href":"https:\/\/www.linh-design.ch\/index.php\/wp-json\/wp\/v2\/product"}],"about":[{"href":"https:\/\/www.linh-design.ch\/index.php\/wp-json\/wp\/v2\/types\/product"}],"wp:featuredmedia":[{"embeddable":true,"href":"https:\/\/www.linh-design.ch\/index.php\/wp-json\/wp\/v2\/media\/3059"}],"wp:attachment":[{"href":"https:\/\/www.linh-design.ch\/index.php\/wp-json\/wp\/v2\/media?parent=3178"}],"wp:term":[{"taxonomy":"product_brand","embeddable":true,"href":"https:\/\/www.linh-design.ch\/index.php\/wp-json\/wp\/v2\/product_brand?post=3178"},{"taxonomy":"product_cat","embeddable":true,"href":"https:\/\/www.linh-design.ch\/index.php\/wp-json\/wp\/v2\/product_cat?post=3178"},{"taxonomy":"product_tag","embeddable":true,"href":"https:\/\/www.linh-design.ch\/index.php\/wp-json\/wp\/v2\/product_tag?post=3178"}],"curies":[{"name":"wp","href":"https:\/\/api.w.org\/{rel}","templated":true}]}}