{"id":939,"date":"2023-09-29T14:14:56","date_gmt":"2023-09-29T12:14:56","guid":{"rendered":"https:\/\/www.linh-design.ch\/linh-wp\/index.php\/sie-in-linh-design\/"},"modified":"2024-04-10T16:41:35","modified_gmt":"2024-04-10T14:41:35","slug":"sie-in-linh-design","status":"publish","type":"page","link":"https:\/\/www.linh-design.ch\/de\/index.php\/sie-in-linh-design\/","title":{"rendered":"Sie in LINH Design"},"content":{"rendered":"\n<p>Was f\u00fcr eine Freude, Sie in LINH Design zu sehen, danke f\u00fcr Ihre Fotos!<\/p>\n\n\n\n<div class=\"wp-block-jetpack-tiled-gallery aligncenter is-style-rectangular\"><div class=\"tiled-gallery__gallery\"><div class=\"tiled-gallery__row\"><div class=\"tiled-gallery__col\" style=\"flex-basis:17.45485%\"><figure class=\"tiled-gallery__item\"><img decoding=\"async\" srcset=\"https:\/\/i2.wp.com\/www.linh-design.ch\/wp-content\/uploads\/2023\/10\/Poncho-WA0008-498x1024.jpg?strip=info&#038;w=600&#038;ssl=1 600w,https:\/\/i2.wp.com\/www.linh-design.ch\/wp-content\/uploads\/2023\/10\/Poncho-WA0008-498x1024.jpg?strip=info&#038;w=900&#038;ssl=1 900w,https:\/\/i2.wp.com\/www.linh-design.ch\/wp-content\/uploads\/2023\/10\/Poncho-WA0008-498x1024.jpg?strip=info&#038;w=996&#038;ssl=1 996w\" alt=\"\" data-height=\"2048\" data-id=\"1040\" data-link=\"https:\/\/www.linh-design.ch\/poncho-wa0008\/\" data-url=\"https:\/\/www.linh-design.ch\/wp-content\/uploads\/2023\/10\/Poncho-WA0008-498x1024.jpg\" data-width=\"996\" src=\"https:\/\/i2.wp.com\/www.linh-design.ch\/wp-content\/uploads\/2023\/10\/Poncho-WA0008-498x1024.jpg?ssl=1\" data-amp-layout=\"responsive\"\/><\/figure><\/div><div class=\"tiled-gallery__col\" style=\"flex-basis:17.44710%\"><figure class=\"tiled-gallery__item\"><img decoding=\"async\" srcset=\"https:\/\/i0.wp.com\/www.linh-design.ch\/wp-content\/uploads\/2023\/10\/Helene-sac155727-498x1024.jpg?strip=info&#038;w=600&#038;ssl=1 600w,https:\/\/i0.wp.com\/www.linh-design.ch\/wp-content\/uploads\/2023\/10\/Helene-sac155727-498x1024.jpg?strip=info&#038;w=900&#038;ssl=1 900w,https:\/\/i0.wp.com\/www.linh-design.ch\/wp-content\/uploads\/2023\/10\/Helene-sac155727-498x1024.jpg?strip=info&#038;w=1200&#038;ssl=1 1200w,https:\/\/i0.wp.com\/www.linh-design.ch\/wp-content\/uploads\/2023\/10\/Helene-sac155727-498x1024.jpg?strip=info&#038;w=1400&#038;ssl=1 1400w\" alt=\"\" data-height=\"2880\" data-id=\"1034\" data-link=\"https:\/\/www.linh-design.ch\/helene-sac155727\/\" data-url=\"https:\/\/www.linh-design.ch\/wp-content\/uploads\/2023\/10\/Helene-sac155727-498x1024.jpg\" data-width=\"1400\" src=\"https:\/\/i0.wp.com\/www.linh-design.ch\/wp-content\/uploads\/2023\/10\/Helene-sac155727-498x1024.jpg?ssl=1\" data-amp-layout=\"responsive\"\/><\/figure><\/div><div class=\"tiled-gallery__col\" style=\"flex-basis:47.65096%\"><figure class=\"tiled-gallery__item\"><img decoding=\"async\" srcset=\"https:\/\/i0.wp.com\/www.linh-design.ch\/wp-content\/uploads\/2023\/10\/Stella-Rose-Sand-2020_162657-e1697014272698-1024x769.jpg?strip=info&#038;w=600&#038;ssl=1 600w,https:\/\/i0.wp.com\/www.linh-design.ch\/wp-content\/uploads\/2023\/10\/Stella-Rose-Sand-2020_162657-e1697014272698-1024x769.jpg?strip=info&#038;w=900&#038;ssl=1 900w,https:\/\/i0.wp.com\/www.linh-design.ch\/wp-content\/uploads\/2023\/10\/Stella-Rose-Sand-2020_162657-e1697014272698-1024x769.jpg?strip=info&#038;w=1200&#038;ssl=1 1200w,https:\/\/i0.wp.com\/www.linh-design.ch\/wp-content\/uploads\/2023\/10\/Stella-Rose-Sand-2020_162657-e1697014272698-1024x769.jpg?strip=info&#038;w=1400&#038;ssl=1 1400w\" alt=\"\" data-height=\"1051\" data-id=\"1082\" data-link=\"https:\/\/www.linh-design.ch\/stella-rose-sand-2020_162657\/\" data-url=\"https:\/\/www.linh-design.ch\/wp-content\/uploads\/2023\/10\/Stella-Rose-Sand-2020_162657-e1697014272698-1024x769.jpg\" data-width=\"1400\" src=\"https:\/\/i0.wp.com\/www.linh-design.ch\/wp-content\/uploads\/2023\/10\/Stella-Rose-Sand-2020_162657-e1697014272698-1024x769.jpg?ssl=1\" data-amp-layout=\"responsive\"\/><\/figure><\/div><div class=\"tiled-gallery__col\" style=\"flex-basis:17.44710%\"><figure class=\"tiled-gallery__item\"><img decoding=\"async\" srcset=\"https:\/\/i1.wp.com\/www.linh-design.ch\/wp-content\/uploads\/2023\/10\/Rose-sac-2023_155134-498x1024.jpg?strip=info&#038;w=600&#038;ssl=1 600w,https:\/\/i1.wp.com\/www.linh-design.ch\/wp-content\/uploads\/2023\/10\/Rose-sac-2023_155134-498x1024.jpg?strip=info&#038;w=900&#038;ssl=1 900w,https:\/\/i1.wp.com\/www.linh-design.ch\/wp-content\/uploads\/2023\/10\/Rose-sac-2023_155134-498x1024.jpg?strip=info&#038;w=1200&#038;ssl=1 1200w,https:\/\/i1.wp.com\/www.linh-design.ch\/wp-content\/uploads\/2023\/10\/Rose-sac-2023_155134-498x1024.jpg?strip=info&#038;w=1400&#038;ssl=1 1400w\" alt=\"\" data-height=\"2880\" data-id=\"1049\" data-link=\"https:\/\/www.linh-design.ch\/rose-sac-2023_155134\/\" data-url=\"https:\/\/www.linh-design.ch\/wp-content\/uploads\/2023\/10\/Rose-sac-2023_155134-498x1024.jpg\" data-width=\"1400\" src=\"https:\/\/i1.wp.com\/www.linh-design.ch\/wp-content\/uploads\/2023\/10\/Rose-sac-2023_155134-498x1024.jpg?ssl=1\" data-amp-layout=\"responsive\"\/><\/figure><\/div><\/div><div class=\"tiled-gallery__row\"><div class=\"tiled-gallery__col\" style=\"flex-basis:21.15962%\"><figure class=\"tiled-gallery__item\"><img decoding=\"async\" srcset=\"https:\/\/i2.wp.com\/www.linh-design.ch\/wp-content\/uploads\/2023\/10\/Stella-botanique-2021_171720-498x1024.jpg?strip=info&#038;w=600&#038;ssl=1 600w,https:\/\/i2.wp.com\/www.linh-design.ch\/wp-content\/uploads\/2023\/10\/Stella-botanique-2021_171720-498x1024.jpg?strip=info&#038;w=900&#038;ssl=1 900w,https:\/\/i2.wp.com\/www.linh-design.ch\/wp-content\/uploads\/2023\/10\/Stella-botanique-2021_171720-498x1024.jpg?strip=info&#038;w=1200&#038;ssl=1 1200w,https:\/\/i2.wp.com\/www.linh-design.ch\/wp-content\/uploads\/2023\/10\/Stella-botanique-2021_171720-498x1024.jpg?strip=info&#038;w=1400&#038;ssl=1 1400w\" alt=\"\" data-height=\"2880\" data-id=\"1055\" data-link=\"https:\/\/www.linh-design.ch\/stella-botanique-2021_171720\/\" data-url=\"https:\/\/www.linh-design.ch\/wp-content\/uploads\/2023\/10\/Stella-botanique-2021_171720-498x1024.jpg\" data-width=\"1400\" src=\"https:\/\/i2.wp.com\/www.linh-design.ch\/wp-content\/uploads\/2023\/10\/Stella-botanique-2021_171720-498x1024.jpg?ssl=1\" data-amp-layout=\"responsive\"\/><\/figure><\/div><div class=\"tiled-gallery__col\" style=\"flex-basis:57.68077%\"><figure class=\"tiled-gallery__item\"><img decoding=\"async\" srcset=\"https:\/\/i2.wp.com\/www.linh-design.ch\/wp-content\/uploads\/2023\/10\/Stella-Rose-2023_160634-e1697015198898-1024x770.jpg?strip=info&#038;w=600&#038;ssl=1 600w,https:\/\/i2.wp.com\/www.linh-design.ch\/wp-content\/uploads\/2023\/10\/Stella-Rose-2023_160634-e1697015198898-1024x770.jpg?strip=info&#038;w=900&#038;ssl=1 900w,https:\/\/i2.wp.com\/www.linh-design.ch\/wp-content\/uploads\/2023\/10\/Stella-Rose-2023_160634-e1697015198898-1024x770.jpg?strip=info&#038;w=1046&#038;ssl=1 1046w\" alt=\"\" data-height=\"787\" data-id=\"1052\" data-link=\"https:\/\/www.linh-design.ch\/stella-rose-2023_160634\/\" data-url=\"https:\/\/www.linh-design.ch\/wp-content\/uploads\/2023\/10\/Stella-Rose-2023_160634-e1697015198898-1024x770.jpg\" data-width=\"1046\" src=\"https:\/\/i2.wp.com\/www.linh-design.ch\/wp-content\/uploads\/2023\/10\/Stella-Rose-2023_160634-e1697015198898-1024x770.jpg?ssl=1\" data-amp-layout=\"responsive\"\/><\/figure><\/div><div class=\"tiled-gallery__col\" style=\"flex-basis:21.15962%\"><figure class=\"tiled-gallery__item\"><img decoding=\"async\" srcset=\"https:\/\/i0.wp.com\/www.linh-design.ch\/wp-content\/uploads\/2023\/10\/Stella-Rose-Pully-2021145843-498x1024.jpg?strip=info&#038;w=600&#038;ssl=1 600w,https:\/\/i0.wp.com\/www.linh-design.ch\/wp-content\/uploads\/2023\/10\/Stella-Rose-Pully-2021145843-498x1024.jpg?strip=info&#038;w=900&#038;ssl=1 900w,https:\/\/i0.wp.com\/www.linh-design.ch\/wp-content\/uploads\/2023\/10\/Stella-Rose-Pully-2021145843-498x1024.jpg?strip=info&#038;w=1200&#038;ssl=1 1200w,https:\/\/i0.wp.com\/www.linh-design.ch\/wp-content\/uploads\/2023\/10\/Stella-Rose-Pully-2021145843-498x1024.jpg?strip=info&#038;w=1400&#038;ssl=1 1400w\" alt=\"\" data-height=\"2880\" data-id=\"1076\" data-link=\"https:\/\/www.linh-design.ch\/stella-rose-pully-2021145843\/\" data-url=\"https:\/\/www.linh-design.ch\/wp-content\/uploads\/2023\/10\/Stella-Rose-Pully-2021145843-498x1024.jpg\" data-width=\"1400\" src=\"https:\/\/i0.wp.com\/www.linh-design.ch\/wp-content\/uploads\/2023\/10\/Stella-Rose-Pully-2021145843-498x1024.jpg?ssl=1\" data-amp-layout=\"responsive\"\/><\/figure><\/div><\/div><div class=\"tiled-gallery__row\"><div class=\"tiled-gallery__col\" style=\"flex-basis:49.99658%\"><figure class=\"tiled-gallery__item\"><img decoding=\"async\" srcset=\"https:\/\/i0.wp.com\/www.linh-design.ch\/wp-content\/uploads\/2023\/11\/Stella-Reif155835-e1697014917256-1024x769.jpg?strip=info&#038;w=600&#038;ssl=1 600w,https:\/\/i0.wp.com\/www.linh-design.ch\/wp-content\/uploads\/2023\/11\/Stella-Reif155835-e1697014917256-1024x769.jpg?strip=info&#038;w=900&#038;ssl=1 900w,https:\/\/i0.wp.com\/www.linh-design.ch\/wp-content\/uploads\/2023\/11\/Stella-Reif155835-e1697014917256-1024x769.jpg?strip=info&#038;w=1200&#038;ssl=1 1200w,https:\/\/i0.wp.com\/www.linh-design.ch\/wp-content\/uploads\/2023\/11\/Stella-Reif155835-e1697014917256-1024x769.jpg?strip=info&#038;w=1400&#038;ssl=1 1400w\" alt=\"\" data-height=\"1051\" data-id=\"2113\" data-link=\"https:\/\/www.linh-design.ch\/index.php\/vous-en-linh-design\/stella-reif155835-e1697014917256\/\" data-url=\"https:\/\/www.linh-design.ch\/wp-content\/uploads\/2023\/11\/Stella-Reif155835-e1697014917256-1024x769.jpg\" data-width=\"1400\" src=\"https:\/\/i0.wp.com\/www.linh-design.ch\/wp-content\/uploads\/2023\/11\/Stella-Reif155835-e1697014917256-1024x769.jpg?ssl=1\" data-amp-layout=\"responsive\"\/><\/figure><\/div><div class=\"tiled-gallery__col\" style=\"flex-basis:50.00342%\"><figure class=\"tiled-gallery__item\"><img decoding=\"async\" srcset=\"https:\/\/i2.wp.com\/www.linh-design.ch\/wp-content\/uploads\/2023\/11\/Velo-202355842-e1697015314125-1024x769.jpg?strip=info&#038;w=600&#038;ssl=1 600w,https:\/\/i2.wp.com\/www.linh-design.ch\/wp-content\/uploads\/2023\/11\/Velo-202355842-e1697015314125-1024x769.jpg?strip=info&#038;w=900&#038;ssl=1 900w,https:\/\/i2.wp.com\/www.linh-design.ch\/wp-content\/uploads\/2023\/11\/Velo-202355842-e1697015314125-1024x769.jpg?strip=info&#038;w=1200&#038;ssl=1 1200w,https:\/\/i2.wp.com\/www.linh-design.ch\/wp-content\/uploads\/2023\/11\/Velo-202355842-e1697015314125-1024x769.jpg?strip=info&#038;w=1500&#038;ssl=1 1500w,https:\/\/i2.wp.com\/www.linh-design.ch\/wp-content\/uploads\/2023\/11\/Velo-202355842-e1697015314125-1024x769.jpg?strip=info&#038;w=1636&#038;ssl=1 1636w\" alt=\"\" data-height=\"1228\" data-id=\"2116\" data-link=\"https:\/\/www.linh-design.ch\/index.php\/vous-en-linh-design\/velo-202355842-e1697015314125\/\" data-url=\"https:\/\/www.linh-design.ch\/wp-content\/uploads\/2023\/11\/Velo-202355842-e1697015314125-1024x769.jpg\" data-width=\"1636\" src=\"https:\/\/i2.wp.com\/www.linh-design.ch\/wp-content\/uploads\/2023\/11\/Velo-202355842-e1697015314125-1024x769.jpg?ssl=1\" data-amp-layout=\"responsive\"\/><\/figure><\/div><\/div><\/div><\/div>\n\n\n\n<p>Wenn Sie uns ein Foto schicken m\u00f6chten, benutzen Sie bitte das Formular, wir freuen uns darauf, es hinzuzuf\u00fcgen!<\/p>\n\n<div class=\"wp-block-contact-form-7-contact-form-selector\">\n<div class=\"wpcf7 no-js\" id=\"wpcf7-f2126-o1\" lang=\"de-DE\" dir=\"ltr\" data-wpcf7-id=\"2126\">\n<div class=\"screen-reader-response\"><p role=\"status\" aria-live=\"polite\" aria-atomic=\"true\"><\/p> <ul><\/ul><\/div>\n<form action=\"\/de\/index.php\/wp-json\/wp\/v2\/pages\/939#wpcf7-f2126-o1\" method=\"post\" class=\"wpcf7-form init\" aria-label=\"Kontaktformular\" novalidate=\"novalidate\" data-status=\"init\">\n<fieldset class=\"hidden-fields-container\"><input type=\"hidden\" name=\"_wpcf7\" value=\"2126\" \/><input type=\"hidden\" name=\"_wpcf7_version\" value=\"6.1.5\" \/><input type=\"hidden\" name=\"_wpcf7_locale\" value=\"de_DE\" \/><input type=\"hidden\" name=\"_wpcf7_unit_tag\" value=\"wpcf7-f2126-o1\" \/><input type=\"hidden\" name=\"_wpcf7_container_post\" value=\"0\" \/><input type=\"hidden\" name=\"_wpcf7_posted_data_hash\" value=\"\" \/>\n<\/fieldset>\n<p><label> Deine Name<br \/>\n<span class=\"wpcf7-form-control-wrap\" data-name=\"your-name\"><input size=\"40\" maxlength=\"400\" class=\"wpcf7-form-control wpcf7-text wpcf7-validates-as-required\" autocomplete=\"name\" aria-required=\"true\" aria-invalid=\"false\" value=\"\" type=\"text\" name=\"your-name\" \/><\/span> <\/label>\n<\/p>\n<p><label> Deine E-mail Adresse<br \/>\n<span class=\"wpcf7-form-control-wrap\" data-name=\"your-email\"><input size=\"40\" maxlength=\"400\" class=\"wpcf7-form-control wpcf7-email wpcf7-validates-as-required wpcf7-text wpcf7-validates-as-email\" autocomplete=\"email\" aria-required=\"true\" aria-invalid=\"false\" value=\"\" type=\"email\" name=\"your-email\" \/><\/span> <\/label>\n<\/p>\n<p><label> Thema<br \/>\n<span class=\"wpcf7-form-control-wrap\" data-name=\"your-subject\"><input size=\"40\" maxlength=\"400\" class=\"wpcf7-form-control wpcf7-text wpcf7-validates-as-required\" aria-required=\"true\" aria-invalid=\"false\" value=\"\" type=\"text\" name=\"your-subject\" \/><\/span> <\/label>\n<\/p>\n<p><label> Deine Nachricht (optional)<br \/>\n<span class=\"wpcf7-form-control-wrap\" data-name=\"your-message\"><textarea cols=\"40\" rows=\"10\" maxlength=\"2000\" class=\"wpcf7-form-control wpcf7-textarea\" aria-invalid=\"false\" name=\"your-message\"><\/textarea><\/span> <\/label>\n<\/p>\n<p><input class=\"wpcf7-form-control wpcf7-submit has-spinner\" type=\"submit\" value=\"Senden\" \/>\n<\/p><div class=\"wpcf7-response-output\" aria-hidden=\"true\"><\/div>\n<\/form>\n<\/div>\n<\/div>\n","protected":false},"excerpt":{"rendered":"<p>Was f\u00fcr eine Freude, Sie in LINH Design zu sehen, danke f\u00fcr Ihre Fotos! Wenn Sie uns ein Foto schicken m\u00f6chten, benutzen Sie bitte das Formular, wir freuen uns darauf, es hinzuzuf\u00fcgen!<\/p>\n","protected":false},"author":1,"featured_media":0,"parent":0,"menu_order":0,"comment_status":"closed","ping_status":"closed","template":"","meta":{"footnotes":""},"class_list":["post-939","page","type-page","status-publish","hentry"],"yoast_head":"<!-- This site is optimized with the Yoast SEO plugin v27.4 - https:\/\/yoast.com\/product\/yoast-seo-wordpress\/ -->\n<title>Sie in LINH Design - LINH Design<\/title>\n<meta name=\"robots\" content=\"index, follow, max-snippet:-1, max-image-preview:large, max-video-preview:-1\" \/>\n<link rel=\"canonical\" href=\"https:\/\/www.linh-design.ch\/de\/index.php\/sie-in-linh-design\/\" \/>\n<meta property=\"og:locale\" content=\"de_DE\" \/>\n<meta property=\"og:type\" content=\"article\" \/>\n<meta property=\"og:title\" content=\"Sie in LINH Design - LINH Design\" \/>\n<meta property=\"og:description\" content=\"Was f\u00fcr eine Freude, Sie in LINH Design zu sehen, danke f\u00fcr Ihre Fotos! Wenn Sie uns ein Foto schicken m\u00f6chten, benutzen Sie bitte das Formular, wir freuen uns darauf, es hinzuzuf\u00fcgen!\" \/>\n<meta property=\"og:url\" content=\"https:\/\/www.linh-design.ch\/de\/index.php\/sie-in-linh-design\/\" \/>\n<meta property=\"og:site_name\" content=\"LINH Design\" \/>\n<meta property=\"article:modified_time\" content=\"2024-04-10T14:41:35+00:00\" \/>\n<meta property=\"og:image\" content=\"https:\/\/i2.wp.com\/www.linh-design.ch\/wp-content\/uploads\/2023\/10\/Poncho-WA0008-498x1024.jpg?ssl=1\" \/>\n<meta name=\"twitter:card\" content=\"summary_large_image\" \/>\n<meta name=\"twitter:label1\" content=\"Gesch\u00e4tzte Lesezeit\" \/>\n\t<meta name=\"twitter:data1\" content=\"3\u00a0Minuten\" \/>\n<script type=\"application\/ld+json\" class=\"yoast-schema-graph\">{\"@context\":\"https:\\\/\\\/schema.org\",\"@graph\":[{\"@type\":\"WebPage\",\"@id\":\"https:\\\/\\\/www.linh-design.ch\\\/de\\\/index.php\\\/sie-in-linh-design\\\/\",\"url\":\"https:\\\/\\\/www.linh-design.ch\\\/de\\\/index.php\\\/sie-in-linh-design\\\/\",\"name\":\"Sie in LINH Design - LINH Design\",\"isPartOf\":{\"@id\":\"https:\\\/\\\/www.linh-design.ch\\\/de\\\/#website\"},\"primaryImageOfPage\":{\"@id\":\"https:\\\/\\\/www.linh-design.ch\\\/de\\\/index.php\\\/sie-in-linh-design\\\/#primaryimage\"},\"image\":{\"@id\":\"https:\\\/\\\/www.linh-design.ch\\\/de\\\/index.php\\\/sie-in-linh-design\\\/#primaryimage\"},\"thumbnailUrl\":\"https:\\\/\\\/i2.wp.com\\\/www.linh-design.ch\\\/wp-content\\\/uploads\\\/2023\\\/10\\\/Poncho-WA0008-498x1024.jpg?ssl=1\",\"datePublished\":\"2023-09-29T12:14:56+00:00\",\"dateModified\":\"2024-04-10T14:41:35+00:00\",\"breadcrumb\":{\"@id\":\"https:\\\/\\\/www.linh-design.ch\\\/de\\\/index.php\\\/sie-in-linh-design\\\/#breadcrumb\"},\"inLanguage\":\"de\",\"potentialAction\":[{\"@type\":\"ReadAction\",\"target\":[\"https:\\\/\\\/www.linh-design.ch\\\/de\\\/index.php\\\/sie-in-linh-design\\\/\"]}]},{\"@type\":\"ImageObject\",\"inLanguage\":\"de\",\"@id\":\"https:\\\/\\\/www.linh-design.ch\\\/de\\\/index.php\\\/sie-in-linh-design\\\/#primaryimage\",\"url\":\"https:\\\/\\\/i2.wp.com\\\/www.linh-design.ch\\\/wp-content\\\/uploads\\\/2023\\\/10\\\/Poncho-WA0008-498x1024.jpg?ssl=1\",\"contentUrl\":\"https:\\\/\\\/i2.wp.com\\\/www.linh-design.ch\\\/wp-content\\\/uploads\\\/2023\\\/10\\\/Poncho-WA0008-498x1024.jpg?ssl=1\"},{\"@type\":\"BreadcrumbList\",\"@id\":\"https:\\\/\\\/www.linh-design.ch\\\/de\\\/index.php\\\/sie-in-linh-design\\\/#breadcrumb\",\"itemListElement\":[{\"@type\":\"ListItem\",\"position\":1,\"name\":\"Accueil\",\"item\":\"https:\\\/\\\/www.linh-design.ch\\\/de\\\/\"},{\"@type\":\"ListItem\",\"position\":2,\"name\":\"Sie in LINH Design\"}]},{\"@type\":\"WebSite\",\"@id\":\"https:\\\/\\\/www.linh-design.ch\\\/de\\\/#website\",\"url\":\"https:\\\/\\\/www.linh-design.ch\\\/de\\\/\",\"name\":\"LINH Design\",\"description\":\"\",\"publisher\":{\"@id\":\"https:\\\/\\\/www.linh-design.ch\\\/de\\\/#organization\"},\"potentialAction\":[{\"@type\":\"SearchAction\",\"target\":{\"@type\":\"EntryPoint\",\"urlTemplate\":\"https:\\\/\\\/www.linh-design.ch\\\/de\\\/?s={search_term_string}\"},\"query-input\":{\"@type\":\"PropertyValueSpecification\",\"valueRequired\":true,\"valueName\":\"search_term_string\"}}],\"inLanguage\":\"de\"},{\"@type\":\"Organization\",\"@id\":\"https:\\\/\\\/www.linh-design.ch\\\/de\\\/#organization\",\"name\":\"LINH Design\",\"url\":\"https:\\\/\\\/www.linh-design.ch\\\/de\\\/\",\"logo\":{\"@type\":\"ImageObject\",\"inLanguage\":\"de\",\"@id\":\"https:\\\/\\\/www.linh-design.ch\\\/de\\\/#\\\/schema\\\/logo\\\/image\\\/\",\"url\":\"https:\\\/\\\/www.linh-design.ch\\\/wp-content\\\/uploads\\\/2023\\\/10\\\/cropped-LINH-31.10.23_antrazit_logo_NB-01.png\",\"contentUrl\":\"https:\\\/\\\/www.linh-design.ch\\\/wp-content\\\/uploads\\\/2023\\\/10\\\/cropped-LINH-31.10.23_antrazit_logo_NB-01.png\",\"width\":1748,\"height\":1823,\"caption\":\"LINH Design\"},\"image\":{\"@id\":\"https:\\\/\\\/www.linh-design.ch\\\/de\\\/#\\\/schema\\\/logo\\\/image\\\/\"}}]}<\/script>\n<!-- \/ Yoast SEO plugin. -->","yoast_head_json":{"title":"Sie in LINH Design - LINH Design","robots":{"index":"index","follow":"follow","max-snippet":"max-snippet:-1","max-image-preview":"max-image-preview:large","max-video-preview":"max-video-preview:-1"},"canonical":"https:\/\/www.linh-design.ch\/de\/index.php\/sie-in-linh-design\/","og_locale":"de_DE","og_type":"article","og_title":"Sie in LINH Design - LINH Design","og_description":"Was f\u00fcr eine Freude, Sie in LINH Design zu sehen, danke f\u00fcr Ihre Fotos! Wenn Sie uns ein Foto schicken m\u00f6chten, benutzen Sie bitte das Formular, wir freuen uns darauf, es hinzuzuf\u00fcgen!","og_url":"https:\/\/www.linh-design.ch\/de\/index.php\/sie-in-linh-design\/","og_site_name":"LINH Design","article_modified_time":"2024-04-10T14:41:35+00:00","og_image":[{"url":"https:\/\/i2.wp.com\/www.linh-design.ch\/wp-content\/uploads\/2023\/10\/Poncho-WA0008-498x1024.jpg?ssl=1","type":"","width":"","height":""}],"twitter_card":"summary_large_image","twitter_misc":{"Gesch\u00e4tzte Lesezeit":"3\u00a0Minuten"},"schema":{"@context":"https:\/\/schema.org","@graph":[{"@type":"WebPage","@id":"https:\/\/www.linh-design.ch\/de\/index.php\/sie-in-linh-design\/","url":"https:\/\/www.linh-design.ch\/de\/index.php\/sie-in-linh-design\/","name":"Sie in LINH Design - LINH Design","isPartOf":{"@id":"https:\/\/www.linh-design.ch\/de\/#website"},"primaryImageOfPage":{"@id":"https:\/\/www.linh-design.ch\/de\/index.php\/sie-in-linh-design\/#primaryimage"},"image":{"@id":"https:\/\/www.linh-design.ch\/de\/index.php\/sie-in-linh-design\/#primaryimage"},"thumbnailUrl":"https:\/\/i2.wp.com\/www.linh-design.ch\/wp-content\/uploads\/2023\/10\/Poncho-WA0008-498x1024.jpg?ssl=1","datePublished":"2023-09-29T12:14:56+00:00","dateModified":"2024-04-10T14:41:35+00:00","breadcrumb":{"@id":"https:\/\/www.linh-design.ch\/de\/index.php\/sie-in-linh-design\/#breadcrumb"},"inLanguage":"de","potentialAction":[{"@type":"ReadAction","target":["https:\/\/www.linh-design.ch\/de\/index.php\/sie-in-linh-design\/"]}]},{"@type":"ImageObject","inLanguage":"de","@id":"https:\/\/www.linh-design.ch\/de\/index.php\/sie-in-linh-design\/#primaryimage","url":"https:\/\/i2.wp.com\/www.linh-design.ch\/wp-content\/uploads\/2023\/10\/Poncho-WA0008-498x1024.jpg?ssl=1","contentUrl":"https:\/\/i2.wp.com\/www.linh-design.ch\/wp-content\/uploads\/2023\/10\/Poncho-WA0008-498x1024.jpg?ssl=1"},{"@type":"BreadcrumbList","@id":"https:\/\/www.linh-design.ch\/de\/index.php\/sie-in-linh-design\/#breadcrumb","itemListElement":[{"@type":"ListItem","position":1,"name":"Accueil","item":"https:\/\/www.linh-design.ch\/de\/"},{"@type":"ListItem","position":2,"name":"Sie in LINH Design"}]},{"@type":"WebSite","@id":"https:\/\/www.linh-design.ch\/de\/#website","url":"https:\/\/www.linh-design.ch\/de\/","name":"LINH Design","description":"","publisher":{"@id":"https:\/\/www.linh-design.ch\/de\/#organization"},"potentialAction":[{"@type":"SearchAction","target":{"@type":"EntryPoint","urlTemplate":"https:\/\/www.linh-design.ch\/de\/?s={search_term_string}"},"query-input":{"@type":"PropertyValueSpecification","valueRequired":true,"valueName":"search_term_string"}}],"inLanguage":"de"},{"@type":"Organization","@id":"https:\/\/www.linh-design.ch\/de\/#organization","name":"LINH Design","url":"https:\/\/www.linh-design.ch\/de\/","logo":{"@type":"ImageObject","inLanguage":"de","@id":"https:\/\/www.linh-design.ch\/de\/#\/schema\/logo\/image\/","url":"https:\/\/www.linh-design.ch\/wp-content\/uploads\/2023\/10\/cropped-LINH-31.10.23_antrazit_logo_NB-01.png","contentUrl":"https:\/\/www.linh-design.ch\/wp-content\/uploads\/2023\/10\/cropped-LINH-31.10.23_antrazit_logo_NB-01.png","width":1748,"height":1823,"caption":"LINH Design"},"image":{"@id":"https:\/\/www.linh-design.ch\/de\/#\/schema\/logo\/image\/"}}]}},"jetpack_sharing_enabled":true,"_links":{"self":[{"href":"https:\/\/www.linh-design.ch\/de\/index.php\/wp-json\/wp\/v2\/pages\/939","targetHints":{"allow":["GET"]}}],"collection":[{"href":"https:\/\/www.linh-design.ch\/de\/index.php\/wp-json\/wp\/v2\/pages"}],"about":[{"href":"https:\/\/www.linh-design.ch\/de\/index.php\/wp-json\/wp\/v2\/types\/page"}],"author":[{"embeddable":true,"href":"https:\/\/www.linh-design.ch\/de\/index.php\/wp-json\/wp\/v2\/users\/1"}],"replies":[{"embeddable":true,"href":"https:\/\/www.linh-design.ch\/de\/index.php\/wp-json\/wp\/v2\/comments?post=939"}],"version-history":[{"count":3,"href":"https:\/\/www.linh-design.ch\/de\/index.php\/wp-json\/wp\/v2\/pages\/939\/revisions"}],"predecessor-version":[{"id":2243,"href":"https:\/\/www.linh-design.ch\/de\/index.php\/wp-json\/wp\/v2\/pages\/939\/revisions\/2243"}],"wp:attachment":[{"href":"https:\/\/www.linh-design.ch\/de\/index.php\/wp-json\/wp\/v2\/media?parent=939"}],"curies":[{"name":"wp","href":"https:\/\/api.w.org\/{rel}","templated":true}]}}